{"id":2575,"date":"2022-03-01T22:46:09","date_gmt":"2022-03-01T22:46:09","guid":{"rendered":"http:\/\/sb.mnpreprod.com\/cgv"},"modified":"2022-03-11T14:51:03","modified_gmt":"2022-03-11T14:51:03","slug":"cgv","status":"publish","type":"page","link":"https:\/\/www.sandrinebeaudun.com\/en\/cgv","title":{"rendered":"CGV EN"},"content":{"rendered":"<div class=\"fusion-fullwidth fullwidth-box fusion-builder-row-1 fusion-flex-container nonhundred-percent-fullwidth non-hundred-percent-height-scrolling\" style=\"--awb-border-radius-top-left:0px;--awb-border-radius-top-right:0px;--awb-border-radius-bottom-right:0px;--awb-border-radius-bottom-left:0px;--awb-margin-top:20px;--awb-margin-bottom:20px;\" ><div class=\"fusion-builder-row fusion-row fusion-flex-align-items-center\" style=\"max-width:1248px;margin-left: calc(-4% \/ 2 );margin-right: calc(-4% \/ 2 );\"><div class=\"fusion-layout-column fusion_builder_column fusion-builder-column-0 fusion_builder_column_1_1 1_1 fusion-flex-column\" style=\"--awb-bg-size:cover;--awb-width-large:100%;--awb-margin-top-large:0px;--awb-spacing-right-large:1.92%;--awb-margin-bottom-large:20px;--awb-spacing-left-large:1.92%;--awb-width-medium:100%;--awb-order-medium:0;--awb-spacing-right-medium:1.92%;--awb-spacing-left-medium:1.92%;--awb-width-small:100%;--awb-order-small:0;--awb-spacing-right-small:1.92%;--awb-spacing-left-small:1.92%;\"><div class=\"fusion-column-wrapper fusion-column-has-shadow fusion-flex-justify-content-flex-start fusion-content-layout-column\"><div class=\"fusion-title title fusion-title-1 fusion-sep-none fusion-title-text fusion-title-size-one\"><h1 class=\"title-heading-left\" style=\"margin:0;\"><p style=\"text-align: left;\">CGV<\/p><\/h1><\/div><div class=\"fusion-title title fusion-title-2 fusion-sep-none fusion-title-center fusion-title-text fusion-title-size-five\"><h5 class=\"title-heading-center\" style=\"margin:0;\"><h5 style=\"text-align: left;\"><span style=\"color: #846347;\">Entre Sandrine Beaudun, dont l\u2019atelier se situe 3, chemin de Saint-Martin lieu-dit Bignon 89110 Le val d\u2019ocre. T\u00e9l: 06.86 01 67 71. mail : sandrinebeaudun94@gmail.com, inscrite \u00e0 la Maison des Artistes N\u00b0 siret: 38101126100090 et toutes personnes voulant effectuer un achat par le biais du site Internet www.sandrinebeaudun.com<br \/>\n-1 MENTIONS L\u00c9GALES<br \/>\nLes conditions g\u00e9n\u00e9rales de vente d\u00e9crites ci-apr\u00e8s d\u00e9taillent les droits et obligations de Sandrine Beaudun et de son client dans le cadre de la vente des marchandises suivantes : \u0153uvres, publications et stages.<br \/>\nToute prestation accomplie par Sandrine Beaudun implique donc l\u2019adh\u00e9sion sans r\u00e9serve de l\u2019acheteur aux pr\u00e9sentes conditions g\u00e9n\u00e9rales de vente.<br \/>\n&#8211; 2 : PRIX<br \/>\nLes prix des marchandises vendues sont ceux en vigueur au jour de la prise de commande. Ils sont libell\u00e9s en euros et calcul\u00e9s hors taxes, \u00ab TVA non applicable, art. 293B du CGI \u00bb. Hors participation de frais de livraison.<br \/>\nSandrine Beaudun s\u2019accorde le droit de modifier ses tarifs \u00e0 tout moment. Toutefois, elle s\u2019engage \u00e0 facturer les marchandises command\u00e9es aux prix indiqu\u00e9s lors de l\u2019enregistrement de la commande.<br \/>\nPour les oeuvres exp\u00e9di\u00e9es hors Union Europ\u00e9enne, des taxes sont susceptibles d\u2019\u00eatre \u00e9ligibles. Ces droits et sommes ne rel\u00e8vent pas du ressort de Sandrine Beaudun. Ils seront \u00e0 la charge de l\u2019acheteur et rel\u00e8vent de son enti\u00e8re responsabilit\u00e9 tant en terme de d\u00e9clarations que de paiements aux autorit\u00e9s et organismes comp\u00e9tents de son pays.<br \/>\n3. COMMANDE ET VALIDATION DE LA TRANSACTION<br \/>\nLorsque vous confirmez votre commande en cliquant sur le bouton &#8220;valider les informations&#8221;, vous d\u00e9clarez avoir pris connaissance et avoir accept\u00e9 l\u2019int\u00e9gralit\u00e9 des pr\u00e9sentes conditions g\u00e9n\u00e9rales de vente.<br \/>\nD\u00e8s enregistrement de votre commande, un accus\u00e9 r\u00e9ception vous sera envoy\u00e9 par courrier \u00e9lectronique, ainsi qu\u2019un bon de commande avec demande de versement soit total soit d\u2019acompte et un RIB.<br \/>\nSandrine Beaudun se r\u00e9serve le droit d\u2019annuler toute commande d\u2019un client avec lequel il existerait un litige relatif au paiement d\u2019une commande ant\u00e9rieure. Le contrat est conclu lors de la confirmation du r\u00e8glement par la banque.<br \/>\n&#8211; 4. ESCOMPTE<br \/>\nAucun escompte ne sera consenti en cas de paiement anticip\u00e9.<br \/>\n&#8211; 5. MODALIT\u00c9S DE PAIEMENT<br \/>\nLe r\u00e8glement des commandes s\u2019effectue : soit par ch\u00e8que ; soit par virement bancaire.<br \/>\nLors de l\u2019enregistrement de la commande, l\u2019acheteur devra verser la totalit\u00e9 du montant global de la facture, le solde devant \u00eatre pay\u00e9 enti\u00e8rement d\u00e8s la commande pour les \u0153uvres et publications.<br \/>\nLors de l\u2019enregistrement de la commande, l\u2019acheteur devra verser un acompte de 50% du montant global de la facture, le solde devant \u00eatre pay\u00e9 3 semaines avant le d\u00e9but de la formation pour les stages.<br \/>\nL\u2019oeuvre sera envoy\u00e9e une fois la totalit\u00e9 du r\u00e8glement (oeuvres) ou l\u2019acompte (stages ) effectu\u00e9s.<br \/>\n&#8211; 6. RETARD DE PAIEMENT<br \/>\nEn cas de d\u00e9faut de paiement total ou partiel des stages au jour pr\u00e9vu , l\u2019acheteur doit verser \u00e0 Sandrine Beaudun une p\u00e9nalit\u00e9 de retard \u00e9gale \u00e0 trois fois le taux de l\u2019int\u00e9r\u00eat l\u00e9gal.<br \/>\nLe taux de l\u2019int\u00e9r\u00eat l\u00e9gal retenu est celui en vigueur au jour de la r\u00e9servation du stage.<br \/>\nA compter du 1er janvier 2015, le taux d\u2019int\u00e9r\u00eat l\u00e9gal sera r\u00e9vis\u00e9 tous les 6 mois (Ordonnance n\u00b02014-947 du 20 ao\u00fbt 2014). Cette p\u00e9nalit\u00e9 est calcul\u00e9e sur le montant HT de la somme restant due, et court \u00e0 compter de la date d\u2019\u00e9ch\u00e9ance du prix sans qu\u2019aucune mise en demeure pr\u00e9alable ne soit n\u00e9cessaire.<br \/>\nEn sus des indemnit\u00e9s de retard, toute somme, y compris l\u2019acompte, non pay\u00e9e \u00e0 sa date d\u2019exigibilit\u00e9 produira de plein droit le paiement d\u2019une indemnit\u00e9 forfaitaire de 40 euros due au titre des frais de recouvrement. Articles 441-6, I alin\u00e9a 12 et D. 441-5 du code de commerce.<br \/>\n&#8211; 7. CLAUSE R\u00c9SOLUTOIRE<br \/>\nSi dans les quinze jours qui suivent la mise en \u0153uvre de la clause \u00bbRetard de paiement \u00ab, l\u2019acheteur ne s\u2019est pas acquitt\u00e9 des sommes restant dues, le stage sera r\u00e9solu de plein droit et pourra ouvrir droit \u00e0 l\u2019allocation de dommages et int\u00e9r\u00eats au profit de Sandrine Beaudun.<br \/>\n&#8211; 8. CLAUSE DE R\u00c9SERVE DE PROPRI\u00c9T\u00c9<br \/>\nSandrine Beaudun conserve la propri\u00e9t\u00e9 des biens vendus jusqu\u2019au paiement int\u00e9gral du prix, en principal et en accessoires. \u00c0 ce titre, si l\u2019acheteur fait l\u2019objet d\u2019un redressement ou d\u2019une liquidation judiciaire, Sandrine Beaudun se r\u00e9serve le droit de revendiquer, dans le cadre de la proc\u00e9dure collective, les marchandises vendues et rest\u00e9es impay\u00e9es.<br \/>\n&#8211; 9. LIVRAISON<br \/>\nLa livraison est effectu\u00e9e :<br \/>\nsoit par la remise directe de la marchandise \u00e0 l\u2019acheteur ; soit par l\u2019envoi d\u2019un avis de mise \u00e0 disposition en magasin \u00e0 l\u2019attention de l\u2019acheteur ; soit au lieu indiqu\u00e9 par l\u2019acheteur sur le bon de commande.<br \/>\nLe d\u00e9lai de livraison indiqu\u00e9 lors de l\u2019enregistrement de la commande n\u2019est donn\u00e9 qu\u2019\u00e0 titre indicatif et n\u2019est aucunement garanti.<br \/>\nPar voie de cons\u00e9quence, tout retard raisonnable dans la livraison des produits ne pourra pas donner lieu au profit de l\u2019acheteur \u00e0 :<br \/>\nl\u2019allocation de dommages et int\u00e9r\u00eats ; l\u2019annulation de la commande.<br \/>\nLe transfert des risques concernant les \u0153uvres d\u2019art achet\u00e9es a lieu d\u00e8s leur remise par Sandrine Beaudun au transporteur.<br \/>\nLe risque du transport est support\u00e9 en totalit\u00e9 par l\u2019acheteur. Il lui appartient en cas de manquement ou d\u2019avarie, d\u2019\u00e9mettre des r\u00e9serves pr\u00e9cises et d\u00e9taill\u00e9es aupr\u00e8s du transporteur, en faisant appara\u00eetre &#8220;sous r\u00e9serve&#8221; sur le bordereau de livraison, afin de b\u00e9n\u00e9ficier de l\u2019assurance contract\u00e9e.<br \/>\nIl est n\u00e9cessaire de transmettre par mail la liste des avaries \u00e0 Sandrine Beaudun au plus tard dans les 72 heures apr\u00e8s la livraison ainsi que la copie du bon indiquant les r\u00e9serves.<br \/>\n&#8211; 10. FORCE MAJEURE<br \/>\nLa responsabilit\u00e9 de Sandrine Beaudun ne pourra pas \u00eatre mise en \u0153uvre si la non-ex\u00e9cution ou le retard dans l\u2019ex\u00e9cution de l\u2019une de ses obligations d\u00e9crites dans les pr\u00e9sentes conditions g\u00e9n\u00e9rales de vente d\u00e9coule d\u2019un cas de force majeure. \u00c0 ce titre, la force majeure s\u2019entend de tout \u00e9v\u00e9nement ext\u00e9rieur, impr\u00e9visible et irr\u00e9sistible au sens de l\u2019 article 1148 du Code civil.<br \/>\n&#8211; 11. TRIBUNAL COMP\u00c9TANT<br \/>\nTout litige relatif \u00e0 l\u2019interpr\u00e9tation et \u00e0 l\u2019ex\u00e9cution des pr\u00e9sentes conditions g\u00e9n\u00e9rales de vente est soumis au droit fran\u00e7ais.<br \/>\n\u00c0 d\u00e9faut de r\u00e9solution amiable, le litige sera port\u00e9 devant le Tribunal de commerce d\u2019Auxerre.<br \/>\n-12 DROITS SUR L\u2019\u0152UVRE ET PROPRI\u00c9T\u00c9 INTELLECTUELLE<br \/>\nSandrine Beaudun reste propri\u00e9taire des droits d\u2019auteur. Les droits de repr\u00e9sentation et de reproduction des \u0153uvres pr\u00e9sentes sur le site sandrinebeaudun.com lui appartiennent. Il est n\u00e9cessaire d\u2019avoir son autorisation conjointe pour toute exploitation de ces droits. Tous les \u00e9l\u00e9ments apparaissant sur le site sont prot\u00e9g\u00e9s par le droit d\u2019auteur, droit des marques et tout autre droit de la propri\u00e9t\u00e9 intellectuelle. Aucune reproduction et\/ou adaptation ne peuvent \u00eatre faites sans l\u2019autorisation de Sandrine Beaudun<\/span><\/h5>\n<h5 style=\"text-align: left;\"><\/h5><\/h5><\/div><\/div><\/div><\/div><\/div>\n","protected":false},"excerpt":{"rendered":"","protected":false},"author":1,"featured_media":0,"parent":0,"menu_order":0,"comment_status":"closed","ping_status":"closed","template":"","meta":{"footnotes":""},"class_list":["post-2575","page","type-page","status-publish","hentry"],"yoast_head":"<!-- This site is optimized with the Yoast SEO plugin v27.5 - https:\/\/yoast.com\/product\/yoast-seo-wordpress\/ -->\n<title>CGV EN - Sandrine_Beaudun<\/title>\n<meta name=\"robots\" content=\"index, follow, max-snippet:-1, max-image-preview:large, max-video-preview:-1\" \/>\n<link rel=\"canonical\" href=\"https:\/\/www.sandrinebeaudun.com\/en\/cgv\" \/>\n<meta property=\"og:locale\" content=\"en_US\" \/>\n<meta property=\"og:type\" content=\"article\" \/>\n<meta property=\"og:title\" content=\"CGV EN - Sandrine_Beaudun\" \/>\n<meta property=\"og:url\" content=\"https:\/\/www.sandrinebeaudun.com\/en\/cgv\" \/>\n<meta property=\"og:site_name\" content=\"Sandrine_Beaudun\" \/>\n<meta property=\"article:modified_time\" content=\"2022-03-11T14:51:03+00:00\" \/>\n<meta name=\"twitter:card\" content=\"summary_large_image\" \/>\n<meta name=\"twitter:label1\" content=\"Est. reading time\" \/>\n\t<meta name=\"twitter:data1\" content=\"10 minutes\" \/>\n<script type=\"application\/ld+json\" class=\"yoast-schema-graph\">{\"@context\":\"https:\\\/\\\/schema.org\",\"@graph\":[{\"@type\":\"WebPage\",\"@id\":\"https:\\\/\\\/www.sandrinebeaudun.com\\\/en\\\/cgv\",\"url\":\"https:\\\/\\\/www.sandrinebeaudun.com\\\/en\\\/cgv\",\"name\":\"CGV EN - Sandrine_Beaudun\",\"isPartOf\":{\"@id\":\"https:\\\/\\\/www.sandrinebeaudun.com\\\/#website\"},\"datePublished\":\"2022-03-01T22:46:09+00:00\",\"dateModified\":\"2022-03-11T14:51:03+00:00\",\"breadcrumb\":{\"@id\":\"https:\\\/\\\/www.sandrinebeaudun.com\\\/en\\\/cgv#breadcrumb\"},\"inLanguage\":\"en-US\",\"potentialAction\":[{\"@type\":\"ReadAction\",\"target\":[\"https:\\\/\\\/www.sandrinebeaudun.com\\\/en\\\/cgv\"]}]},{\"@type\":\"BreadcrumbList\",\"@id\":\"https:\\\/\\\/www.sandrinebeaudun.com\\\/en\\\/cgv#breadcrumb\",\"itemListElement\":[{\"@type\":\"ListItem\",\"position\":1,\"name\":\"Accueil\",\"item\":\"https:\\\/\\\/www.sandrinebeaudun.com\\\/en\\\/home\"},{\"@type\":\"ListItem\",\"position\":2,\"name\":\"CGV EN\"}]},{\"@type\":\"WebSite\",\"@id\":\"https:\\\/\\\/www.sandrinebeaudun.com\\\/#website\",\"url\":\"https:\\\/\\\/www.sandrinebeaudun.com\\\/\",\"name\":\"Sandrine_Beaudun\",\"description\":\"Artiste papier - Paper artist\",\"potentialAction\":[{\"@type\":\"SearchAction\",\"target\":{\"@type\":\"EntryPoint\",\"urlTemplate\":\"https:\\\/\\\/www.sandrinebeaudun.com\\\/?s={search_term_string}\"},\"query-input\":{\"@type\":\"PropertyValueSpecification\",\"valueRequired\":true,\"valueName\":\"search_term_string\"}}],\"inLanguage\":\"en-US\"}]}<\/script>\n<!-- \/ Yoast SEO plugin. -->","yoast_head_json":{"title":"CGV EN - Sandrine_Beaudun","robots":{"index":"index","follow":"follow","max-snippet":"max-snippet:-1","max-image-preview":"max-image-preview:large","max-video-preview":"max-video-preview:-1"},"canonical":"https:\/\/www.sandrinebeaudun.com\/en\/cgv","og_locale":"en_US","og_type":"article","og_title":"CGV EN - Sandrine_Beaudun","og_url":"https:\/\/www.sandrinebeaudun.com\/en\/cgv","og_site_name":"Sandrine_Beaudun","article_modified_time":"2022-03-11T14:51:03+00:00","twitter_card":"summary_large_image","twitter_misc":{"Est. reading time":"10 minutes"},"schema":{"@context":"https:\/\/schema.org","@graph":[{"@type":"WebPage","@id":"https:\/\/www.sandrinebeaudun.com\/en\/cgv","url":"https:\/\/www.sandrinebeaudun.com\/en\/cgv","name":"CGV EN - Sandrine_Beaudun","isPartOf":{"@id":"https:\/\/www.sandrinebeaudun.com\/#website"},"datePublished":"2022-03-01T22:46:09+00:00","dateModified":"2022-03-11T14:51:03+00:00","breadcrumb":{"@id":"https:\/\/www.sandrinebeaudun.com\/en\/cgv#breadcrumb"},"inLanguage":"en-US","potentialAction":[{"@type":"ReadAction","target":["https:\/\/www.sandrinebeaudun.com\/en\/cgv"]}]},{"@type":"BreadcrumbList","@id":"https:\/\/www.sandrinebeaudun.com\/en\/cgv#breadcrumb","itemListElement":[{"@type":"ListItem","position":1,"name":"Accueil","item":"https:\/\/www.sandrinebeaudun.com\/en\/home"},{"@type":"ListItem","position":2,"name":"CGV EN"}]},{"@type":"WebSite","@id":"https:\/\/www.sandrinebeaudun.com\/#website","url":"https:\/\/www.sandrinebeaudun.com\/","name":"Sandrine_Beaudun","description":"Artiste papier - Paper artist","potentialAction":[{"@type":"SearchAction","target":{"@type":"EntryPoint","urlTemplate":"https:\/\/www.sandrinebeaudun.com\/?s={search_term_string}"},"query-input":{"@type":"PropertyValueSpecification","valueRequired":true,"valueName":"search_term_string"}}],"inLanguage":"en-US"}]}},"_links":{"self":[{"href":"https:\/\/www.sandrinebeaudun.com\/en\/wp-json\/wp\/v2\/pages\/2575","targetHints":{"allow":["GET"]}}],"collection":[{"href":"https:\/\/www.sandrinebeaudun.com\/en\/wp-json\/wp\/v2\/pages"}],"about":[{"href":"https:\/\/www.sandrinebeaudun.com\/en\/wp-json\/wp\/v2\/types\/page"}],"author":[{"embeddable":true,"href":"https:\/\/www.sandrinebeaudun.com\/en\/wp-json\/wp\/v2\/users\/1"}],"replies":[{"embeddable":true,"href":"https:\/\/www.sandrinebeaudun.com\/en\/wp-json\/wp\/v2\/comments?post=2575"}],"version-history":[{"count":1,"href":"https:\/\/www.sandrinebeaudun.com\/en\/wp-json\/wp\/v2\/pages\/2575\/revisions"}],"predecessor-version":[{"id":2576,"href":"https:\/\/www.sandrinebeaudun.com\/en\/wp-json\/wp\/v2\/pages\/2575\/revisions\/2576"}],"wp:attachment":[{"href":"https:\/\/www.sandrinebeaudun.com\/en\/wp-json\/wp\/v2\/media?parent=2575"}],"curies":[{"name":"wp","href":"https:\/\/api.w.org\/{rel}","templated":true}]}}