{"id":2637,"date":"2022-03-01T20:50:20","date_gmt":"2022-03-01T20:50:20","guid":{"rendered":"http:\/\/sb.mnpreprod.com\/mentions-legales"},"modified":"2022-03-11T15:58:20","modified_gmt":"2022-03-11T15:58:20","slug":"mentions-legales","status":"publish","type":"page","link":"https:\/\/www.sandrinebeaudun.com\/en\/mentions-legales","title":{"rendered":"Mentions l\u00e9gales EN"},"content":{"rendered":"<div class=\"fusion-fullwidth fullwidth-box fusion-builder-row-1 fusion-flex-container nonhundred-percent-fullwidth non-hundred-percent-height-scrolling\" style=\"--awb-border-radius-top-left:0px;--awb-border-radius-top-right:0px;--awb-border-radius-bottom-right:0px;--awb-border-radius-bottom-left:0px;--awb-margin-top:20px;--awb-margin-bottom:20px;\" ><div class=\"fusion-builder-row fusion-row fusion-flex-align-items-center\" style=\"max-width:1248px;margin-left: calc(-4% \/ 2 );margin-right: calc(-4% \/ 2 );\"><div class=\"fusion-layout-column fusion_builder_column fusion-builder-column-0 fusion_builder_column_1_1 1_1 fusion-flex-column\" style=\"--awb-bg-size:cover;--awb-width-large:100%;--awb-margin-top-large:0px;--awb-spacing-right-large:1.92%;--awb-margin-bottom-large:20px;--awb-spacing-left-large:1.92%;--awb-width-medium:100%;--awb-order-medium:0;--awb-spacing-right-medium:1.92%;--awb-spacing-left-medium:1.92%;--awb-width-small:100%;--awb-order-small:0;--awb-spacing-right-small:1.92%;--awb-spacing-left-small:1.92%;\"><div class=\"fusion-column-wrapper fusion-column-has-shadow fusion-flex-justify-content-flex-start fusion-content-layout-column\"><div class=\"fusion-title title fusion-title-1 fusion-sep-none fusion-title-text fusion-title-size-one\"><h1 class=\"title-heading-left\" style=\"margin:0;\"><p style=\"text-align: left;\">Mentions l\u00e9gales<\/p><\/h1><\/div><div class=\"fusion-title title fusion-title-2 fusion-sep-none fusion-title-center fusion-title-text fusion-title-size-five\"><h5 class=\"title-heading-center\" style=\"margin:0;\"><h5 style=\"text-align: left;\"><span style=\"color: #846347;\">Site : www.sandrinebeaudun.com<br \/>\nCourriel : sandrinebeaudun94@gmail.com<\/span><\/h5>\n<h5 style=\"text-align: left;\"><span style=\"color: #846347;\">Objet du site : Pr\u00e9sentation de l\u2019oeuvre de Sandrine Beaudun<br \/>\nResponsable l\u00e9gal : Sandrine Beaudun<br \/>\nResponsable \u00e9ditorial : Sandrine Beaudun<br \/>\nConception site web : Mati\u00e8re Noire \u2013 20 rue du P\u00e2tis 89130 Toucy<br \/>\nR\u00e9daction : Sandrine Beaudun<br \/>\nPhotographies : Michel Gantner &#8211; Philippe Cibille &#8211; Tous droits r\u00e9serv\u00e9s<\/span><\/h5>\n<h5 style=\"text-align: left;\"><span style=\"color: #846347;\">H\u00e9bergement : IONOS by 1&amp;1 \u2013 1&amp;1 SARL<br \/>\nMise en ligne du site : 15 03 2022<\/span><\/h5>\n<h5 style=\"text-align: left;\"><span style=\"color: #846347;\">Loi \u00ab Informatique et Libert\u00e9s \u00bb<br \/>\nLe site fait l\u2019objet d\u2019une d\u00e9claration aupr\u00e8s de la Commission Nationale Informatique et Libert\u00e9s. Vous disposez d\u2019un droit d\u2019acc\u00e8s, de modification, de rectification et de suppression des donn\u00e9es qui vous concernent (art. 34 de la loi \u00ab Informatique et Libert\u00e9s \u00bb). Pour l\u2019exercer, adressez-vous par courrier \u00e9lectronique \u00e0 l\u2019adresse email suivante : sandrinebeaudun94@gmail.com<\/span><\/h5>\n<h5 style=\"text-align: left;\"><span style=\"color: #846347;\">Propri\u00e9t\u00e9<br \/>\nLe site et les informations qu\u2019il contient sont prot\u00e9g\u00e9s par la loi fran\u00e7aise sur la propri\u00e9t\u00e9 intellectuelle et par les conventions internationales. Ce site, ses contenus r\u00e9dactionnels et ses photos sont la propri\u00e9t\u00e9 exclusive de Sandrine Beaudun.<br \/>\nLe site (ou des \u00e9l\u00e9ments de son contenu) ne peut \u00eatre ni reproduit, ni republi\u00e9, ni retranscrit, ni modifi\u00e9, ni retransmis sans l\u2019autorisation pr\u00e9alable des ayants droits par \u00e9crit (cela ne concerne pas l\u2019utilisation dans le cercle de famille ni l\u2019usage priv\u00e9).<\/span><\/h5>\n<h5 style=\"text-align: left;\"><\/h5><\/h5><\/div><\/div><\/div><\/div><\/div>\n","protected":false},"excerpt":{"rendered":"","protected":false},"author":1,"featured_media":0,"parent":0,"menu_order":0,"comment_status":"closed","ping_status":"closed","template":"","meta":{"footnotes":""},"class_list":["post-2637","page","type-page","status-publish","hentry"],"yoast_head":"<!-- This site is optimized with the Yoast SEO plugin v27.5 - https:\/\/yoast.com\/product\/yoast-seo-wordpress\/ -->\n<title>Mentions l\u00e9gales EN - Sandrine_Beaudun<\/title>\n<meta name=\"robots\" content=\"index, follow, max-snippet:-1, max-image-preview:large, max-video-preview:-1\" \/>\n<link rel=\"canonical\" href=\"https:\/\/www.sandrinebeaudun.com\/en\/mentions-legales\" \/>\n<meta property=\"og:locale\" content=\"en_US\" \/>\n<meta property=\"og:type\" content=\"article\" \/>\n<meta property=\"og:title\" content=\"Mentions l\u00e9gales EN - Sandrine_Beaudun\" \/>\n<meta property=\"og:url\" content=\"https:\/\/www.sandrinebeaudun.com\/en\/mentions-legales\" \/>\n<meta property=\"og:site_name\" content=\"Sandrine_Beaudun\" \/>\n<meta property=\"article:modified_time\" content=\"2022-03-11T15:58:20+00:00\" \/>\n<meta name=\"twitter:card\" content=\"summary_large_image\" \/>\n<meta name=\"twitter:label1\" content=\"Est. reading time\" \/>\n\t<meta name=\"twitter:data1\" content=\"5 minutes\" \/>\n<script type=\"application\/ld+json\" class=\"yoast-schema-graph\">{\"@context\":\"https:\\\/\\\/schema.org\",\"@graph\":[{\"@type\":\"WebPage\",\"@id\":\"https:\\\/\\\/www.sandrinebeaudun.com\\\/en\\\/mentions-legales\",\"url\":\"https:\\\/\\\/www.sandrinebeaudun.com\\\/en\\\/mentions-legales\",\"name\":\"Mentions l\u00e9gales EN - Sandrine_Beaudun\",\"isPartOf\":{\"@id\":\"https:\\\/\\\/www.sandrinebeaudun.com\\\/#website\"},\"datePublished\":\"2022-03-01T20:50:20+00:00\",\"dateModified\":\"2022-03-11T15:58:20+00:00\",\"breadcrumb\":{\"@id\":\"https:\\\/\\\/www.sandrinebeaudun.com\\\/en\\\/mentions-legales#breadcrumb\"},\"inLanguage\":\"en-US\",\"potentialAction\":[{\"@type\":\"ReadAction\",\"target\":[\"https:\\\/\\\/www.sandrinebeaudun.com\\\/en\\\/mentions-legales\"]}]},{\"@type\":\"BreadcrumbList\",\"@id\":\"https:\\\/\\\/www.sandrinebeaudun.com\\\/en\\\/mentions-legales#breadcrumb\",\"itemListElement\":[{\"@type\":\"ListItem\",\"position\":1,\"name\":\"Accueil\",\"item\":\"https:\\\/\\\/www.sandrinebeaudun.com\\\/en\\\/home\"},{\"@type\":\"ListItem\",\"position\":2,\"name\":\"Mentions l\u00e9gales EN\"}]},{\"@type\":\"WebSite\",\"@id\":\"https:\\\/\\\/www.sandrinebeaudun.com\\\/#website\",\"url\":\"https:\\\/\\\/www.sandrinebeaudun.com\\\/\",\"name\":\"Sandrine_Beaudun\",\"description\":\"Artiste papier - Paper artist\",\"potentialAction\":[{\"@type\":\"SearchAction\",\"target\":{\"@type\":\"EntryPoint\",\"urlTemplate\":\"https:\\\/\\\/www.sandrinebeaudun.com\\\/?s={search_term_string}\"},\"query-input\":{\"@type\":\"PropertyValueSpecification\",\"valueRequired\":true,\"valueName\":\"search_term_string\"}}],\"inLanguage\":\"en-US\"}]}<\/script>\n<!-- \/ Yoast SEO plugin. -->","yoast_head_json":{"title":"Mentions l\u00e9gales EN - Sandrine_Beaudun","robots":{"index":"index","follow":"follow","max-snippet":"max-snippet:-1","max-image-preview":"max-image-preview:large","max-video-preview":"max-video-preview:-1"},"canonical":"https:\/\/www.sandrinebeaudun.com\/en\/mentions-legales","og_locale":"en_US","og_type":"article","og_title":"Mentions l\u00e9gales EN - Sandrine_Beaudun","og_url":"https:\/\/www.sandrinebeaudun.com\/en\/mentions-legales","og_site_name":"Sandrine_Beaudun","article_modified_time":"2022-03-11T15:58:20+00:00","twitter_card":"summary_large_image","twitter_misc":{"Est. reading time":"5 minutes"},"schema":{"@context":"https:\/\/schema.org","@graph":[{"@type":"WebPage","@id":"https:\/\/www.sandrinebeaudun.com\/en\/mentions-legales","url":"https:\/\/www.sandrinebeaudun.com\/en\/mentions-legales","name":"Mentions l\u00e9gales EN - Sandrine_Beaudun","isPartOf":{"@id":"https:\/\/www.sandrinebeaudun.com\/#website"},"datePublished":"2022-03-01T20:50:20+00:00","dateModified":"2022-03-11T15:58:20+00:00","breadcrumb":{"@id":"https:\/\/www.sandrinebeaudun.com\/en\/mentions-legales#breadcrumb"},"inLanguage":"en-US","potentialAction":[{"@type":"ReadAction","target":["https:\/\/www.sandrinebeaudun.com\/en\/mentions-legales"]}]},{"@type":"BreadcrumbList","@id":"https:\/\/www.sandrinebeaudun.com\/en\/mentions-legales#breadcrumb","itemListElement":[{"@type":"ListItem","position":1,"name":"Accueil","item":"https:\/\/www.sandrinebeaudun.com\/en\/home"},{"@type":"ListItem","position":2,"name":"Mentions l\u00e9gales EN"}]},{"@type":"WebSite","@id":"https:\/\/www.sandrinebeaudun.com\/#website","url":"https:\/\/www.sandrinebeaudun.com\/","name":"Sandrine_Beaudun","description":"Artiste papier - Paper artist","potentialAction":[{"@type":"SearchAction","target":{"@type":"EntryPoint","urlTemplate":"https:\/\/www.sandrinebeaudun.com\/?s={search_term_string}"},"query-input":{"@type":"PropertyValueSpecification","valueRequired":true,"valueName":"search_term_string"}}],"inLanguage":"en-US"}]}},"_links":{"self":[{"href":"https:\/\/www.sandrinebeaudun.com\/en\/wp-json\/wp\/v2\/pages\/2637","targetHints":{"allow":["GET"]}}],"collection":[{"href":"https:\/\/www.sandrinebeaudun.com\/en\/wp-json\/wp\/v2\/pages"}],"about":[{"href":"https:\/\/www.sandrinebeaudun.com\/en\/wp-json\/wp\/v2\/types\/page"}],"author":[{"embeddable":true,"href":"https:\/\/www.sandrinebeaudun.com\/en\/wp-json\/wp\/v2\/users\/1"}],"replies":[{"embeddable":true,"href":"https:\/\/www.sandrinebeaudun.com\/en\/wp-json\/wp\/v2\/comments?post=2637"}],"version-history":[{"count":2,"href":"https:\/\/www.sandrinebeaudun.com\/en\/wp-json\/wp\/v2\/pages\/2637\/revisions"}],"predecessor-version":[{"id":3116,"href":"https:\/\/www.sandrinebeaudun.com\/en\/wp-json\/wp\/v2\/pages\/2637\/revisions\/3116"}],"wp:attachment":[{"href":"https:\/\/www.sandrinebeaudun.com\/en\/wp-json\/wp\/v2\/media?parent=2637"}],"curies":[{"name":"wp","href":"https:\/\/api.w.org\/{rel}","templated":true}]}}